{"id":56410,"date":"2024-04-09T14:51:19","date_gmt":"2024-04-09T12:51:19","guid":{"rendered":"http:\/\/nesa.world\/perguntas-frequentes\/"},"modified":"2025-03-28T12:03:12","modified_gmt":"2025-03-28T11:03:12","slug":"perguntas-frequentes","status":"publish","type":"page","link":"https:\/\/nesa.world\/pt-pt\/perguntas-frequentes\/","title":{"rendered":"Perguntas frequentes"},"content":{"rendered":"\t\t<div data-elementor-type=\"wp-page\" data-elementor-id=\"56410\" class=\"elementor elementor-56410 elementor-7169\" data-elementor-post-type=\"page\">\n\t\t\t\t<div class=\"elementor-element elementor-element-40330af5 e-flex e-con-boxed e-con e-parent\" data-id=\"40330af5\" data-element_type=\"container\" data-settings=\"{&quot;background_background&quot;:&quot;classic&quot;}\">\n\t\t\t\t\t<div class=\"e-con-inner\">\n\t\t\t\t<div class=\"elementor-element elementor-element-5580022c elementor-widget elementor-widget-heading\" data-id=\"5580022c\" data-element_type=\"widget\" data-widget_type=\"heading.default\">\n\t\t\t\t<div class=\"elementor-widget-container\">\n\t\t\t\t\t<h1 class=\"elementor-heading-title elementor-size-default\">Perguntas frequentes<\/h1>\t\t\t\t<\/div>\n\t\t\t\t<\/div>\n\t\t\t\t<div class=\"elementor-element elementor-element-6d58e11 elementor-widget__width-initial nesaspan elementor-widget elementor-widget-text-editor\" data-id=\"6d58e11\" data-element_type=\"widget\" data-widget_type=\"text-editor.default\">\n\t\t\t\t<div class=\"elementor-widget-container\">\n\t\t\t\t\t\t\t\t\t<p><span class=\"NormalTextRun SCXW250484718 BCX8\">Esclarecemos todas as tuas d\u00favidas sobre a tecnologia m\u00e9dica da <\/span><span class=\"NormalTextRun SpellingErrorV2Themed SCXW250484718 BCX8\">Neuromodula\u00e7\u00e3o<\/span><span class=\"NormalTextRun SCXW250484718 BCX8\"> NESA\u00ae n\u00e3o invasivo<\/span><span class=\"NormalTextRun SCXW250484718 BCX8\">. Se n\u00e3o encontrares a tua resposta aqui, <a href=\"http:\/\/nesa.world\/contacto\/\">escreve-nos atrav\u00e9s da nossa p\u00e1gina de contacto<\/a> e responderemos o mais rapidamente poss\u00edvel.<\/span><\/p>\n\t\t\t\t\t\t\t\t<\/div>\n\t\t\t\t<\/div>\n\t\t\t\t\t<\/div>\n\t\t\t\t<\/div>\n\t\t<div class=\"elementor-element elementor-element-a9e34e1 e-flex e-con-boxed e-con e-parent\" data-id=\"a9e34e1\" data-element_type=\"container\">\n\t\t\t\t\t<div class=\"e-con-inner\">\n\t\t<div class=\"elementor-element elementor-element-fa7dff0 e-con-full e-flex e-con e-child\" data-id=\"fa7dff0\" data-element_type=\"container\">\n\t\t\t\t<div class=\"elementor-element elementor-element-e7427fb elementor-widget elementor-widget-heading\" data-id=\"e7427fb\" data-element_type=\"widget\" data-widget_type=\"heading.default\">\n\t\t\t\t<div class=\"elementor-widget-container\">\n\t\t\t\t\t<h2 class=\"elementor-heading-title elementor-size-default\">T\u00e9cnicas<\/h2>\t\t\t\t<\/div>\n\t\t\t\t<\/div>\n\t\t\t\t<div class=\"elementor-element elementor-element-d7d7f20 elementor-widget__width-initial nesaspan elementor-widget elementor-widget-text-editor\" data-id=\"d7d7f20\" data-element_type=\"widget\" data-widget_type=\"text-editor.default\">\n\t\t\t\t<div class=\"elementor-widget-container\">\n\t\t\t\t\t\t\t\t\t<p>O que a tecnologia m\u00e9dica NESA\u00ae cont\u00e9m quando comprada por uma cl\u00ednica ou hospital?<\/p>\n<p>Como a tecnologia m\u00e9dica NESA\u00ae \u00e9 instalada?<\/p>\n<p>Como \u00e9 recomendada a terapia passiva com a tecnologia m\u00e9dica NESA\u00ae?<\/p>\n<p>Quais s\u00e3o as diretrizes para o uso da tecnologia m\u00e9dica NESA XSIGNAL\u00ae?<\/p>\n<p>Perguntas frequentes (FAQs) sobre as luvas e tornozeleiras NESA XSIGNAL\u00ae<\/p>\n\t\t\t\t\t\t\t\t<\/div>\n\t\t\t\t<\/div>\n\t\t\t\t<div class=\"elementor-element elementor-element-f2862cc elementor-align-left botonfaq elementor-widget elementor-widget-button\" data-id=\"f2862cc\" data-element_type=\"widget\" data-widget_type=\"button.default\">\n\t\t\t\t<div class=\"elementor-widget-container\">\n\t\t\t\t\t\t\t\t\t<div class=\"elementor-button-wrapper\">\n\t\t\t\t\t<a class=\"elementor-button elementor-button-link elementor-size-sm\" href=\"http:\/\/nesa.world\/preguntas-frecuentes\/tecnicas\/\">\n\t\t\t\t\t\t<span class=\"elementor-button-content-wrapper\">\n\t\t\t\t\t\t\t\t\t<span class=\"elementor-button-text\">Saiba mais<\/span>\n\t\t\t\t\t<\/span>\n\t\t\t\t\t<\/a>\n\t\t\t\t<\/div>\n\t\t\t\t\t\t\t\t<\/div>\n\t\t\t\t<\/div>\n\t\t\t\t<\/div>\n\t\t<div class=\"elementor-element elementor-element-ebeb97c e-con-full e-flex e-con e-child\" data-id=\"ebeb97c\" data-element_type=\"container\">\n\t\t\t\t<div class=\"elementor-element elementor-element-33e33ac elementor-widget elementor-widget-heading\" data-id=\"33e33ac\" data-element_type=\"widget\" data-widget_type=\"heading.default\">\n\t\t\t\t<div class=\"elementor-widget-container\">\n\t\t\t\t\t<h2 class=\"elementor-heading-title elementor-size-default\">Fisiologia<\/h2>\t\t\t\t<\/div>\n\t\t\t\t<\/div>\n\t\t\t\t<div class=\"elementor-element elementor-element-f8aa4a4 elementor-widget__width-initial nesaspan elementor-widget elementor-widget-text-editor\" data-id=\"f8aa4a4\" data-element_type=\"widget\" data-widget_type=\"text-editor.default\">\n\t\t\t\t<div class=\"elementor-widget-container\">\n\t\t\t\t\t\t\t\t\t<p>Quais s\u00e3o as propriedades f\u00edsicas da tecnologia NESA\u00ae?<\/p>\n<p>O que \u00e9 bioeletricidade?<\/p>\n<p>O que s\u00e3o microcorrentes NESA\u00ae?<\/p>\n<p>Qual \u00e9 a profundidade da corrente el\u00e9trica NESA\u00ae?<\/p>\n<p>Quais s\u00e3o as implica\u00e7\u00f5es cl\u00ednicas mais importantes entre a VFC e o SNA?<\/p>\n<p>Qual \u00e9 a profundidade da corrente el\u00e9trica NESA\u00ae?<\/p>\n\t\t\t\t\t\t\t\t<\/div>\n\t\t\t\t<\/div>\n\t\t\t\t<div class=\"elementor-element elementor-element-530d733 elementor-align-left botonfaq elementor-widget elementor-widget-button\" data-id=\"530d733\" data-element_type=\"widget\" data-widget_type=\"button.default\">\n\t\t\t\t<div class=\"elementor-widget-container\">\n\t\t\t\t\t\t\t\t\t<div class=\"elementor-button-wrapper\">\n\t\t\t\t\t<a class=\"elementor-button elementor-button-link elementor-size-sm\" href=\"http:\/\/nesa.world\/preguntas-frecuentes\/fisiologia\/\">\n\t\t\t\t\t\t<span class=\"elementor-button-content-wrapper\">\n\t\t\t\t\t\t\t\t\t<span class=\"elementor-button-text\">Saiba mais<\/span>\n\t\t\t\t\t<\/span>\n\t\t\t\t\t<\/a>\n\t\t\t\t<\/div>\n\t\t\t\t\t\t\t\t<\/div>\n\t\t\t\t<\/div>\n\t\t\t\t<\/div>\n\t\t<div class=\"elementor-element elementor-element-390fe99 e-con-full e-flex e-con e-child\" data-id=\"390fe99\" data-element_type=\"container\">\n\t\t\t\t<div class=\"elementor-element elementor-element-a0e0be5 elementor-widget elementor-widget-heading\" data-id=\"a0e0be5\" data-element_type=\"widget\" data-widget_type=\"heading.default\">\n\t\t\t\t<div class=\"elementor-widget-container\">\n\t\t\t\t\t<h2 class=\"elementor-heading-title elementor-size-default\">Evid\u00eancias cient\u00edficas<\/h2>\t\t\t\t<\/div>\n\t\t\t\t<\/div>\n\t\t\t\t<div class=\"elementor-element elementor-element-cb9bf25 elementor-widget__width-initial nesaspan elementor-widget elementor-widget-text-editor\" data-id=\"cb9bf25\" data-element_type=\"widget\" data-widget_type=\"text-editor.default\">\n\t\t\t\t<div class=\"elementor-widget-container\">\n\t\t\t\t\t\t\t\t\t<p>Quais s\u00e3o as evid\u00eancias cient\u00edficas da tecnologia m\u00e9dica de neuromodula\u00e7\u00e3o n\u00e3o invasiva NESA?<\/p>\n<p>Quais s\u00e3o as evid\u00eancias cient\u00edficas da tecnologia de neuromodula\u00e7\u00e3o n\u00e3o invasiva NESA\u00ae em desenvolvimento?<\/p>\n<p>Existem acordos cient\u00edficos e acad\u00eamicos com universidades e outras identidades de pesquisa?<\/p>\n<p>H\u00e1 algum estudo sobre doen\u00e7as end\u00f3crinas ou altera\u00e7\u00f5es hormonais com a NESA?<\/p>\n\t\t\t\t\t\t\t\t<\/div>\n\t\t\t\t<\/div>\n\t\t\t\t<div class=\"elementor-element elementor-element-189c6e1 elementor-align-left botonfaq elementor-widget elementor-widget-button\" data-id=\"189c6e1\" data-element_type=\"widget\" data-widget_type=\"button.default\">\n\t\t\t\t<div class=\"elementor-widget-container\">\n\t\t\t\t\t\t\t\t\t<div class=\"elementor-button-wrapper\">\n\t\t\t\t\t<a class=\"elementor-button elementor-button-link elementor-size-sm\" href=\"http:\/\/nesa.world\/preguntas-frecuentes\/evidencia-cientifica\/\">\n\t\t\t\t\t\t<span class=\"elementor-button-content-wrapper\">\n\t\t\t\t\t\t\t\t\t<span class=\"elementor-button-text\">Saiba mais<\/span>\n\t\t\t\t\t<\/span>\n\t\t\t\t\t<\/a>\n\t\t\t\t<\/div>\n\t\t\t\t\t\t\t\t<\/div>\n\t\t\t\t<\/div>\n\t\t\t\t<\/div>\n\t\t\t\t\t<\/div>\n\t\t\t\t<\/div>\n\t\t<div class=\"elementor-element elementor-element-95117c2 e-flex e-con-boxed e-con e-parent\" data-id=\"95117c2\" data-element_type=\"container\">\n\t\t\t\t\t<div class=\"e-con-inner\">\n\t\t<div class=\"elementor-element elementor-element-7c5a2d7 e-con-full e-flex e-con e-child\" data-id=\"7c5a2d7\" data-element_type=\"container\">\n\t\t\t\t<div class=\"elementor-element elementor-element-d8082c8 elementor-widget elementor-widget-heading\" data-id=\"d8082c8\" data-element_type=\"widget\" data-widget_type=\"heading.default\">\n\t\t\t\t<div class=\"elementor-widget-container\">\n\t\t\t\t\t<h2 class=\"elementor-heading-title elementor-size-default\">Cl\u00ednicas<\/h2>\t\t\t\t<\/div>\n\t\t\t\t<\/div>\n\t\t\t\t<div class=\"elementor-element elementor-element-e30dfac elementor-widget__width-initial nesaspan elementor-widget elementor-widget-text-editor\" data-id=\"e30dfac\" data-element_type=\"widget\" data-widget_type=\"text-editor.default\">\n\t\t\t\t<div class=\"elementor-widget-container\">\n\t\t\t\t\t\t\t\t\t<p>Quais pacientes se beneficiam das microcorrentes NESA?<\/p>\n<p>Como educar o paciente sobre o sistema nervoso aut\u00f4nomo?<\/p>\n<p>O que s\u00e3o os programas de tecnologia m\u00e9dica NESA XSIGNAL\u00ae?<\/p>\n<p>O que \u00e9 tratamento metam\u00e9rico?<\/p>\n<p>O que \u00e9 o tratamento focal?<\/p>\n\t\t\t\t\t\t\t\t<\/div>\n\t\t\t\t<\/div>\n\t\t\t\t<div class=\"elementor-element elementor-element-d69e52d elementor-align-left botonfaq elementor-widget elementor-widget-button\" data-id=\"d69e52d\" data-element_type=\"widget\" data-widget_type=\"button.default\">\n\t\t\t\t<div class=\"elementor-widget-container\">\n\t\t\t\t\t\t\t\t\t<div class=\"elementor-button-wrapper\">\n\t\t\t\t\t<a class=\"elementor-button elementor-button-link elementor-size-sm\" href=\"http:\/\/nesa.world\/preguntas-frecuentes\/clinicas\/\">\n\t\t\t\t\t\t<span class=\"elementor-button-content-wrapper\">\n\t\t\t\t\t\t\t\t\t<span class=\"elementor-button-text\">Saiba mais<\/span>\n\t\t\t\t\t<\/span>\n\t\t\t\t\t<\/a>\n\t\t\t\t<\/div>\n\t\t\t\t\t\t\t\t<\/div>\n\t\t\t\t<\/div>\n\t\t\t\t<\/div>\n\t\t<div class=\"elementor-element elementor-element-df8e50f e-con-full e-flex e-con e-child\" data-id=\"df8e50f\" data-element_type=\"container\">\n\t\t\t\t<div class=\"elementor-element elementor-element-05fc85d elementor-widget elementor-widget-heading\" data-id=\"05fc85d\" data-element_type=\"widget\" data-widget_type=\"heading.default\">\n\t\t\t\t<div class=\"elementor-widget-container\">\n\t\t\t\t\t<h2 class=\"elementor-heading-title elementor-size-default\">Treinamento e eventos<\/h2>\t\t\t\t<\/div>\n\t\t\t\t<\/div>\n\t\t\t\t<div class=\"elementor-element elementor-element-2909ff4 elementor-widget__width-initial nesaspan elementor-widget elementor-widget-text-editor\" data-id=\"2909ff4\" data-element_type=\"widget\" data-widget_type=\"text-editor.default\">\n\t\t\t\t<div class=\"elementor-widget-container\">\n\t\t\t\t\t\t\t\t\t<p>Qual treinamento b\u00e1sico est\u00e1 inclu\u00eddo na compra da tecnologia m\u00e9dica NESA\u00ae?<\/p>\n<p>Quais t\u00f3picos est\u00e3o inclu\u00eddos no treinamento b\u00e1sico introdut\u00f3rio de 4 a 6 horas e o que eu aprenderei?<\/p>\n<p>O material impresso \u00e9 fornecido no treinamento b\u00e1sico em sala de aula?<\/p>\n<p>Posso me inscrever no treinamento b\u00e1sico introdut\u00f3rio e faz\u00ea-lo antes de adquirir a tecnologia?<\/p>\n\t\t\t\t\t\t\t\t<\/div>\n\t\t\t\t<\/div>\n\t\t\t\t<div class=\"elementor-element elementor-element-63a7c83 elementor-align-left botonfaq elementor-widget elementor-widget-button\" data-id=\"63a7c83\" data-element_type=\"widget\" data-widget_type=\"button.default\">\n\t\t\t\t<div class=\"elementor-widget-container\">\n\t\t\t\t\t\t\t\t\t<div class=\"elementor-button-wrapper\">\n\t\t\t\t\t<a class=\"elementor-button elementor-button-link elementor-size-sm\" href=\"http:\/\/nesa.world\/preguntas-frecuentes\/formacion-y-eventos\/\">\n\t\t\t\t\t\t<span class=\"elementor-button-content-wrapper\">\n\t\t\t\t\t\t\t\t\t<span class=\"elementor-button-text\">Saiba mais<\/span>\n\t\t\t\t\t<\/span>\n\t\t\t\t\t<\/a>\n\t\t\t\t<\/div>\n\t\t\t\t\t\t\t\t<\/div>\n\t\t\t\t<\/div>\n\t\t\t\t<\/div>\n\t\t<div class=\"elementor-element elementor-element-e95c854 e-con-full e-flex e-con e-child\" data-id=\"e95c854\" data-element_type=\"container\">\n\t\t\t\t<div class=\"elementor-element elementor-element-5070771 elementor-widget elementor-widget-heading\" data-id=\"5070771\" data-element_type=\"widget\" data-widget_type=\"heading.default\">\n\t\t\t\t<div class=\"elementor-widget-container\">\n\t\t\t\t\t<h2 class=\"elementor-heading-title elementor-size-default\">Vis\u00e3o e expans\u00e3o comercial<\/h2>\t\t\t\t<\/div>\n\t\t\t\t<\/div>\n\t\t\t\t<div class=\"elementor-element elementor-element-6a4b904 elementor-widget__width-initial nesaspan elementor-widget elementor-widget-text-editor\" data-id=\"6a4b904\" data-element_type=\"widget\" data-widget_type=\"text-editor.default\">\n\t\t\t\t<div class=\"elementor-widget-container\">\n\t\t\t\t\t\t\t\t\t<p>O que est\u00e1 inclu\u00eddo em uma demonstra\u00e7\u00e3o no local da tecnologia de neuromodula\u00e7\u00e3o da NESA?<\/p>\n<p>O que est\u00e1 inclu\u00eddo em uma Demonstra\u00e7\u00e3o ONLINE da Tecnologia de Neuromodula\u00e7\u00e3o NESA?<\/p>\n<p>Onde est\u00e3o os distribuidores oficiais da neuromodula\u00e7\u00e3o n\u00e3o invasiva NESA em 2024?<\/p>\n<p>Como \u00e9 o servi\u00e7o p\u00f3s-venda? Como voc\u00eas trabalham por continente?<\/p>\n<p>Como s\u00e3o os treinamentos internacionais? Podemos ver exemplos audiovisuais?<\/p>\n\t\t\t\t\t\t\t\t<\/div>\n\t\t\t\t<\/div>\n\t\t\t\t<div class=\"elementor-element elementor-element-1c9e97a elementor-align-left botonfaq elementor-widget elementor-widget-button\" data-id=\"1c9e97a\" data-element_type=\"widget\" data-widget_type=\"button.default\">\n\t\t\t\t<div class=\"elementor-widget-container\">\n\t\t\t\t\t\t\t\t\t<div class=\"elementor-button-wrapper\">\n\t\t\t\t\t<a class=\"elementor-button elementor-button-link elementor-size-sm\" href=\"http:\/\/nesa.world\/preguntas-frecuentes\/vision-comercial-y-expansion\/\">\n\t\t\t\t\t\t<span class=\"elementor-button-content-wrapper\">\n\t\t\t\t\t\t\t\t\t<span class=\"elementor-button-text\">Saiba mais<\/span>\n\t\t\t\t\t<\/span>\n\t\t\t\t\t<\/a>\n\t\t\t\t<\/div>\n\t\t\t\t\t\t\t\t<\/div>\n\t\t\t\t<\/div>\n\t\t\t\t<\/div>\n\t\t\t\t\t<\/div>\n\t\t\t\t<\/div>\n\t\t\t\t<\/div>\n\t\t","protected":false},"excerpt":{"rendered":"<p>Perguntas frequentes Esclarecemos todas as tuas d\u00favidas sobre a tecnologia m\u00e9dica da Neuromodula\u00e7\u00e3o NESA\u00ae n\u00e3o invasivo. Se n\u00e3o encontrares a tua resposta aqui, escreve-nos atrav\u00e9s da nossa p\u00e1gina de contacto [&hellip;]<\/p>\n","protected":false},"author":2,"featured_media":56698,"parent":0,"menu_order":0,"comment_status":"closed","ping_status":"closed","template":"","meta":{"_acf_changed":false,"footnotes":""},"class_list":["post-56410","page","type-page","status-publish","has-post-thumbnail","hentry"],"acf":[],"_links":{"self":[{"href":"https:\/\/nesa.world\/pt-pt\/wp-json\/wp\/v2\/pages\/56410","targetHints":{"allow":["GET"]}}],"collection":[{"href":"https:\/\/nesa.world\/pt-pt\/wp-json\/wp\/v2\/pages"}],"about":[{"href":"https:\/\/nesa.world\/pt-pt\/wp-json\/wp\/v2\/types\/page"}],"author":[{"embeddable":true,"href":"https:\/\/nesa.world\/pt-pt\/wp-json\/wp\/v2\/users\/2"}],"replies":[{"embeddable":true,"href":"https:\/\/nesa.world\/pt-pt\/wp-json\/wp\/v2\/comments?post=56410"}],"version-history":[{"count":0,"href":"https:\/\/nesa.world\/pt-pt\/wp-json\/wp\/v2\/pages\/56410\/revisions"}],"wp:featuredmedia":[{"embeddable":true,"href":"https:\/\/nesa.world\/pt-pt\/wp-json\/wp\/v2\/media\/56698"}],"wp:attachment":[{"href":"https:\/\/nesa.world\/pt-pt\/wp-json\/wp\/v2\/media?parent=56410"}],"curies":[{"name":"wp","href":"https:\/\/api.w.org\/{rel}","templated":true}]}}