{"id":52522,"date":"2024-04-09T14:51:19","date_gmt":"2024-04-09T12:51:19","guid":{"rendered":"http:\/\/nesa.world\/questions-frequemment-posees\/"},"modified":"2025-02-21T09:29:40","modified_gmt":"2025-02-21T08:29:40","slug":"questions-frequemment-posees","status":"publish","type":"page","link":"https:\/\/nesa.world\/fr\/questions-frequemment-posees\/","title":{"rendered":"Questions Fr\u00e9quemment pos\u00e9es"},"content":{"rendered":"\t\t<div data-elementor-type=\"wp-page\" data-elementor-id=\"52522\" class=\"elementor elementor-52522 elementor-7169\" data-elementor-post-type=\"page\">\n\t\t\t\t<div class=\"elementor-element elementor-element-40330af5 e-flex e-con-boxed e-con e-parent\" data-id=\"40330af5\" data-element_type=\"container\" data-settings=\"{&quot;background_background&quot;:&quot;classic&quot;}\">\n\t\t\t\t\t<div class=\"e-con-inner\">\n\t\t\t\t<div class=\"elementor-element elementor-element-5580022c elementor-widget elementor-widget-heading\" data-id=\"5580022c\" data-element_type=\"widget\" data-widget_type=\"heading.default\">\n\t\t\t\t<div class=\"elementor-widget-container\">\n\t\t\t\t\t<h1 class=\"elementor-heading-title elementor-size-default\">Questions Fr\u00e9quemment pos\u00e9es<\/h1>\t\t\t\t<\/div>\n\t\t\t\t<\/div>\n\t\t\t\t<div class=\"elementor-element elementor-element-6d58e11 elementor-widget__width-initial nesaspan elementor-widget elementor-widget-text-editor\" data-id=\"6d58e11\" data-element_type=\"widget\" data-widget_type=\"text-editor.default\">\n\t\t\t\t<div class=\"elementor-widget-container\">\n\t\t\t\t\t\t\t\t\t<p><span class=\"NormalTextRun SCXW250484718 BCX8\">Nous levons tous vos doutes sur la technologie m\u00e9dicale de la <\/span><span class=\"NormalTextRun SpellingErrorV2Themed SCXW250484718 BCX8\">Neuromodulation<\/span><span class=\"NormalTextRun SCXW250484718 BCX8\"> NESA\u00ae non invasif<\/span><span class=\"NormalTextRun SCXW250484718 BCX8\">. Si vous ne trouvez pas votre r\u00e9ponse ici, <a href=\"http:\/\/nesa.world\/contacto\/\">\u00e9crivez-nous via notre page de contact<\/a> et nous vous r\u00e9pondrons dans les plus brefs d\u00e9lais.<\/span><\/p>\n\t\t\t\t\t\t\t\t<\/div>\n\t\t\t\t<\/div>\n\t\t\t\t\t<\/div>\n\t\t\t\t<\/div>\n\t\t<div class=\"elementor-element elementor-element-a9e34e1 e-flex e-con-boxed e-con e-parent\" data-id=\"a9e34e1\" data-element_type=\"container\">\n\t\t\t\t\t<div class=\"e-con-inner\">\n\t\t<div class=\"elementor-element elementor-element-fa7dff0 e-con-full e-flex e-con e-child\" data-id=\"fa7dff0\" data-element_type=\"container\">\n\t\t\t\t<div class=\"elementor-element elementor-element-e7427fb elementor-widget elementor-widget-heading\" data-id=\"e7427fb\" data-element_type=\"widget\" data-widget_type=\"heading.default\">\n\t\t\t\t<div class=\"elementor-widget-container\">\n\t\t\t\t\t<h2 class=\"elementor-heading-title elementor-size-default\">Questions techniques<\/h2>\t\t\t\t<\/div>\n\t\t\t\t<\/div>\n\t\t\t\t<div class=\"elementor-element elementor-element-d7d7f20 elementor-widget__width-initial nesaspan elementor-widget elementor-widget-text-editor\" data-id=\"d7d7f20\" data-element_type=\"widget\" data-widget_type=\"text-editor.default\">\n\t\t\t\t<div class=\"elementor-widget-container\">\n\t\t\t\t\t\t\t\t\t<p>Que contient la technologie m\u00e9dicale NESA\u00ae lorsqu&rsquo;elle est achet\u00e9e par une clinique ou un h\u00f4pital ?<\/p>\n<p>Comment la technologie m\u00e9dicale NESA\u00ae est-elle install\u00e9e ?<\/p>\n<p>Comment la th\u00e9rapie passive avec la technologie m\u00e9dicale NESA\u00ae est-elle recommand\u00e9e ?<\/p>\n<p>Quelles sont les directives pour l&rsquo;utilisation de la technologie m\u00e9dicale NESA XSIGNAL\u00ae ?<\/p>\n<p>Foire aux questions (FAQ) sur les gants et les chevill\u00e8res NESA XSIGNAL\u00ae.<\/p>\n\t\t\t\t\t\t\t\t<\/div>\n\t\t\t\t<\/div>\n\t\t\t\t<div class=\"elementor-element elementor-element-f2862cc elementor-align-left botonfaq elementor-widget elementor-widget-button\" data-id=\"f2862cc\" data-element_type=\"widget\" data-widget_type=\"button.default\">\n\t\t\t\t<div class=\"elementor-widget-container\">\n\t\t\t\t\t\t\t\t\t<div class=\"elementor-button-wrapper\">\n\t\t\t\t\t<a class=\"elementor-button elementor-button-link elementor-size-sm\" href=\"https:\/\/nesa.world\/fr\/questions-techniques\/\">\n\t\t\t\t\t\t<span class=\"elementor-button-content-wrapper\">\n\t\t\t\t\t\t\t\t\t<span class=\"elementor-button-text\">En savoir plus<\/span>\n\t\t\t\t\t<\/span>\n\t\t\t\t\t<\/a>\n\t\t\t\t<\/div>\n\t\t\t\t\t\t\t\t<\/div>\n\t\t\t\t<\/div>\n\t\t\t\t<\/div>\n\t\t<div class=\"elementor-element elementor-element-ebeb97c e-con-full e-flex e-con e-child\" data-id=\"ebeb97c\" data-element_type=\"container\">\n\t\t\t\t<div class=\"elementor-element elementor-element-33e33ac elementor-widget elementor-widget-heading\" data-id=\"33e33ac\" data-element_type=\"widget\" data-widget_type=\"heading.default\">\n\t\t\t\t<div class=\"elementor-widget-container\">\n\t\t\t\t\t<h2 class=\"elementor-heading-title elementor-size-default\">Questions fr\u00e9quemment pos\u00e9es sur la physiologie de la neuromodulation<\/h2>\t\t\t\t<\/div>\n\t\t\t\t<\/div>\n\t\t\t\t<div class=\"elementor-element elementor-element-f8aa4a4 elementor-widget__width-initial nesaspan elementor-widget elementor-widget-text-editor\" data-id=\"f8aa4a4\" data-element_type=\"widget\" data-widget_type=\"text-editor.default\">\n\t\t\t\t<div class=\"elementor-widget-container\">\n\t\t\t\t\t\t\t\t\t<p>Quelles sont les propri\u00e9t\u00e9s physiques de la technologie NESA\u00ae ?<\/p>\n<p>Qu&rsquo;est-ce que la bio\u00e9lectricit\u00e9 ?<\/p>\n<p>Que sont les microcourants NESA\u00ae ?<\/p>\n<p>Quelle est la profondeur du courant \u00e9lectrique NESA\u00ae ?<\/p>\n<p>Quelles sont les implications cliniques les plus importantes entre la VRC et le SCN ?<\/p>\n<p>Quelle est la profondeur du courant \u00e9lectrique NESA\u00ae ?<\/p>\n\t\t\t\t\t\t\t\t<\/div>\n\t\t\t\t<\/div>\n\t\t\t\t<div class=\"elementor-element elementor-element-530d733 elementor-align-left botonfaq elementor-widget elementor-widget-button\" data-id=\"530d733\" data-element_type=\"widget\" data-widget_type=\"button.default\">\n\t\t\t\t<div class=\"elementor-widget-container\">\n\t\t\t\t\t\t\t\t\t<div class=\"elementor-button-wrapper\">\n\t\t\t\t\t<a class=\"elementor-button elementor-button-link elementor-size-sm\" href=\"https:\/\/nesa.world\/fr\/questions-frequemment-posees-sur-la-physiologie-de-la-neuromodulation\/\">\n\t\t\t\t\t\t<span class=\"elementor-button-content-wrapper\">\n\t\t\t\t\t\t\t\t\t<span class=\"elementor-button-text\">En savoir plus<\/span>\n\t\t\t\t\t<\/span>\n\t\t\t\t\t<\/a>\n\t\t\t\t<\/div>\n\t\t\t\t\t\t\t\t<\/div>\n\t\t\t\t<\/div>\n\t\t\t\t<\/div>\n\t\t<div class=\"elementor-element elementor-element-390fe99 e-con-full e-flex e-con e-child\" data-id=\"390fe99\" data-element_type=\"container\">\n\t\t\t\t<div class=\"elementor-element elementor-element-a0e0be5 elementor-widget elementor-widget-heading\" data-id=\"a0e0be5\" data-element_type=\"widget\" data-widget_type=\"heading.default\">\n\t\t\t\t<div class=\"elementor-widget-container\">\n\t\t\t\t\t<h2 class=\"elementor-heading-title elementor-size-default\">Preuves scientifiques<\/h2>\t\t\t\t<\/div>\n\t\t\t\t<\/div>\n\t\t\t\t<div class=\"elementor-element elementor-element-cb9bf25 elementor-widget__width-initial nesaspan elementor-widget elementor-widget-text-editor\" data-id=\"cb9bf25\" data-element_type=\"widget\" data-widget_type=\"text-editor.default\">\n\t\t\t\t<div class=\"elementor-widget-container\">\n\t\t\t\t\t\t\t\t\t<p>Quelles sont les preuves scientifiques de la technologie m\u00e9dicale de neuromodulation non invasive NESA\u00ae ?<\/p>\n<p>Quelles sont les preuves scientifiques de l&rsquo;\u00e9volution de la technologie de neuromodulation non invasive NESA\u00ae ?<\/p>\n<p>Existe-t-il des partenariats scientifiques et acad\u00e9miques avec des universit\u00e9s et d&rsquo;autres entit\u00e9s de recherche ?<\/p>\n<p>Existe-t-il des \u00e9tudes sur les maladies endocriniennes ou les changements hormonaux avec NESA ?<\/p>\n\t\t\t\t\t\t\t\t<\/div>\n\t\t\t\t<\/div>\n\t\t\t\t<div class=\"elementor-element elementor-element-189c6e1 elementor-align-left botonfaq elementor-widget elementor-widget-button\" data-id=\"189c6e1\" data-element_type=\"widget\" data-widget_type=\"button.default\">\n\t\t\t\t<div class=\"elementor-widget-container\">\n\t\t\t\t\t\t\t\t\t<div class=\"elementor-button-wrapper\">\n\t\t\t\t\t<a class=\"elementor-button elementor-button-link elementor-size-sm\" href=\"http:\/\/nesa.world\/preguntas-frecuentes\/evidencia-cientifica\/\">\n\t\t\t\t\t\t<span class=\"elementor-button-content-wrapper\">\n\t\t\t\t\t\t\t\t\t<span class=\"elementor-button-text\">En savoir plus<\/span>\n\t\t\t\t\t<\/span>\n\t\t\t\t\t<\/a>\n\t\t\t\t<\/div>\n\t\t\t\t\t\t\t\t<\/div>\n\t\t\t\t<\/div>\n\t\t\t\t<\/div>\n\t\t\t\t\t<\/div>\n\t\t\t\t<\/div>\n\t\t<div class=\"elementor-element elementor-element-95117c2 e-flex e-con-boxed e-con e-parent\" data-id=\"95117c2\" data-element_type=\"container\">\n\t\t\t\t\t<div class=\"e-con-inner\">\n\t\t<div class=\"elementor-element elementor-element-7c5a2d7 e-con-full e-flex e-con e-child\" data-id=\"7c5a2d7\" data-element_type=\"container\">\n\t\t\t\t<div class=\"elementor-element elementor-element-d8082c8 elementor-widget elementor-widget-heading\" data-id=\"d8082c8\" data-element_type=\"widget\" data-widget_type=\"heading.default\">\n\t\t\t\t<div class=\"elementor-widget-container\">\n\t\t\t\t\t<h2 class=\"elementor-heading-title elementor-size-default\">Cliniques<\/h2>\t\t\t\t<\/div>\n\t\t\t\t<\/div>\n\t\t\t\t<div class=\"elementor-element elementor-element-e30dfac elementor-widget__width-initial nesaspan elementor-widget elementor-widget-text-editor\" data-id=\"e30dfac\" data-element_type=\"widget\" data-widget_type=\"text-editor.default\">\n\t\t\t\t<div class=\"elementor-widget-container\">\n\t\t\t\t\t\t\t\t\t<p>Quels sont les patients qui b\u00e9n\u00e9ficient des microcourants NESA\u00ae ?<\/p>\n<p>Comment \u00e9duquer le patient sur le syst\u00e8me nerveux autonome ?<\/p>\n<p>Quels sont les programmes de technologie m\u00e9dicale XSIGNAL\u00ae de NESA ?<\/p>\n<p>Qu&rsquo;est-ce que le traitement m\u00e9tam\u00e9rique ?<\/p>\n<p>Qu&rsquo;est-ce que le traitement focal ?<\/p>\n\t\t\t\t\t\t\t\t<\/div>\n\t\t\t\t<\/div>\n\t\t\t\t<div class=\"elementor-element elementor-element-d69e52d elementor-align-left botonfaq elementor-widget elementor-widget-button\" data-id=\"d69e52d\" data-element_type=\"widget\" data-widget_type=\"button.default\">\n\t\t\t\t<div class=\"elementor-widget-container\">\n\t\t\t\t\t\t\t\t\t<div class=\"elementor-button-wrapper\">\n\t\t\t\t\t<a class=\"elementor-button elementor-button-link elementor-size-sm\" href=\"http:\/\/nesa.world\/preguntas-frecuentes\/clinicas\/\">\n\t\t\t\t\t\t<span class=\"elementor-button-content-wrapper\">\n\t\t\t\t\t\t\t\t\t<span class=\"elementor-button-text\">En savoir plus<\/span>\n\t\t\t\t\t<\/span>\n\t\t\t\t\t<\/a>\n\t\t\t\t<\/div>\n\t\t\t\t\t\t\t\t<\/div>\n\t\t\t\t<\/div>\n\t\t\t\t<\/div>\n\t\t<div class=\"elementor-element elementor-element-df8e50f e-con-full e-flex e-con e-child\" data-id=\"df8e50f\" data-element_type=\"container\">\n\t\t\t\t<div class=\"elementor-element elementor-element-05fc85d elementor-widget elementor-widget-heading\" data-id=\"05fc85d\" data-element_type=\"widget\" data-widget_type=\"heading.default\">\n\t\t\t\t<div class=\"elementor-widget-container\">\n\t\t\t\t\t<h2 class=\"elementor-heading-title elementor-size-default\">Formation et \u00e9v\u00e9nements<\/h2>\t\t\t\t<\/div>\n\t\t\t\t<\/div>\n\t\t\t\t<div class=\"elementor-element elementor-element-2909ff4 elementor-widget__width-initial nesaspan elementor-widget elementor-widget-text-editor\" data-id=\"2909ff4\" data-element_type=\"widget\" data-widget_type=\"text-editor.default\">\n\t\t\t\t<div class=\"elementor-widget-container\">\n\t\t\t\t\t\t\t\t\t<p>Quel type de formation de base est inclus lors de l&rsquo;achat de NESA\u00ae Medical Technology ?<\/p>\n<p>Quels sont les sujets abord\u00e9s lors de la formation de base de 4 \u00e0 6 heures et qu&rsquo;est-ce que j&rsquo;apprendrai ?<\/p>\n<p>Des documents imprim\u00e9s sont-ils fournis dans le cadre de la formation de base ?<\/p>\n<p>En ce qui concerne la formation de base, puis-je m&rsquo;y inscrire et la suivre avant d&rsquo;acheter la technologie ?<\/p>\n\t\t\t\t\t\t\t\t<\/div>\n\t\t\t\t<\/div>\n\t\t\t\t<div class=\"elementor-element elementor-element-63a7c83 elementor-align-left botonfaq elementor-widget elementor-widget-button\" data-id=\"63a7c83\" data-element_type=\"widget\" data-widget_type=\"button.default\">\n\t\t\t\t<div class=\"elementor-widget-container\">\n\t\t\t\t\t\t\t\t\t<div class=\"elementor-button-wrapper\">\n\t\t\t\t\t<a class=\"elementor-button elementor-button-link elementor-size-sm\" href=\"http:\/\/nesa.world\/preguntas-frecuentes\/formacion-y-eventos\/\">\n\t\t\t\t\t\t<span class=\"elementor-button-content-wrapper\">\n\t\t\t\t\t\t\t\t\t<span class=\"elementor-button-text\">En savoir plus<\/span>\n\t\t\t\t\t<\/span>\n\t\t\t\t\t<\/a>\n\t\t\t\t<\/div>\n\t\t\t\t\t\t\t\t<\/div>\n\t\t\t\t<\/div>\n\t\t\t\t<\/div>\n\t\t<div class=\"elementor-element elementor-element-e95c854 e-con-full e-flex e-con e-child\" data-id=\"e95c854\" data-element_type=\"container\">\n\t\t\t\t<div class=\"elementor-element elementor-element-5070771 elementor-widget elementor-widget-heading\" data-id=\"5070771\" data-element_type=\"widget\" data-widget_type=\"heading.default\">\n\t\t\t\t<div class=\"elementor-widget-container\">\n\t\t\t\t\t<h2 class=\"elementor-heading-title elementor-size-default\">Vision et expansion commerciales<\/h2>\t\t\t\t<\/div>\n\t\t\t\t<\/div>\n\t\t\t\t<div class=\"elementor-element elementor-element-6a4b904 elementor-widget__width-initial nesaspan elementor-widget elementor-widget-text-editor\" data-id=\"6a4b904\" data-element_type=\"widget\" data-widget_type=\"text-editor.default\">\n\t\t\t\t<div class=\"elementor-widget-container\">\n\t\t\t\t\t\t\t\t\t<p>Que comprend une d\u00e9monstration en face \u00e0 face de la technologie de neuromodulation de NESA ?<\/p>\n<p>Que comprend une d\u00e9monstration en ligne de la technologie de neuromodulation de NESA ?<\/p>\n<p>O\u00f9 se trouvent les distributeurs officiels de la neuromodulation non invasive NESA en 2024 ?<\/p>\n<p>Comment se passe le service apr\u00e8s-vente ? Comment travaillez-vous par continent ?<\/p>\n<p>Comment se d\u00e9roulent les formations internationales ? Pouvons-nous voir des exemples audiovisuels ?<\/p>\n\t\t\t\t\t\t\t\t<\/div>\n\t\t\t\t<\/div>\n\t\t\t\t<div class=\"elementor-element elementor-element-1c9e97a elementor-align-left botonfaq elementor-widget elementor-widget-button\" data-id=\"1c9e97a\" data-element_type=\"widget\" data-widget_type=\"button.default\">\n\t\t\t\t<div class=\"elementor-widget-container\">\n\t\t\t\t\t\t\t\t\t<div class=\"elementor-button-wrapper\">\n\t\t\t\t\t<a class=\"elementor-button elementor-button-link elementor-size-sm\" href=\"http:\/\/nesa.world\/preguntas-frecuentes\/vision-comercial-y-expansion\/\">\n\t\t\t\t\t\t<span class=\"elementor-button-content-wrapper\">\n\t\t\t\t\t\t\t\t\t<span class=\"elementor-button-text\">En savoir plus<\/span>\n\t\t\t\t\t<\/span>\n\t\t\t\t\t<\/a>\n\t\t\t\t<\/div>\n\t\t\t\t\t\t\t\t<\/div>\n\t\t\t\t<\/div>\n\t\t\t\t<\/div>\n\t\t\t\t\t<\/div>\n\t\t\t\t<\/div>\n\t\t\t\t<\/div>\n\t\t","protected":false},"excerpt":{"rendered":"<p>Questions Fr\u00e9quemment pos\u00e9es Nous levons tous vos doutes sur la technologie m\u00e9dicale de la Neuromodulation NESA\u00ae non invasif. Si vous ne trouvez pas votre r\u00e9ponse ici, \u00e9crivez-nous via notre page [&hellip;]<\/p>\n","protected":false},"author":2,"featured_media":52810,"parent":0,"menu_order":0,"comment_status":"closed","ping_status":"closed","template":"","meta":{"_acf_changed":false,"footnotes":""},"class_list":["post-52522","page","type-page","status-publish","has-post-thumbnail","hentry"],"acf":[],"_links":{"self":[{"href":"https:\/\/nesa.world\/fr\/wp-json\/wp\/v2\/pages\/52522","targetHints":{"allow":["GET"]}}],"collection":[{"href":"https:\/\/nesa.world\/fr\/wp-json\/wp\/v2\/pages"}],"about":[{"href":"https:\/\/nesa.world\/fr\/wp-json\/wp\/v2\/types\/page"}],"author":[{"embeddable":true,"href":"https:\/\/nesa.world\/fr\/wp-json\/wp\/v2\/users\/2"}],"replies":[{"embeddable":true,"href":"https:\/\/nesa.world\/fr\/wp-json\/wp\/v2\/comments?post=52522"}],"version-history":[{"count":0,"href":"https:\/\/nesa.world\/fr\/wp-json\/wp\/v2\/pages\/52522\/revisions"}],"wp:featuredmedia":[{"embeddable":true,"href":"https:\/\/nesa.world\/fr\/wp-json\/wp\/v2\/media\/52810"}],"wp:attachment":[{"href":"https:\/\/nesa.world\/fr\/wp-json\/wp\/v2\/media?parent=52522"}],"curies":[{"name":"wp","href":"https:\/\/api.w.org\/{rel}","templated":true}]}}