{"id":54423,"date":"2024-04-09T14:51:19","date_gmt":"2024-04-09T12:51:19","guid":{"rendered":"http:\/\/nesa.world\/haeufig-gestellte-fragen\/"},"modified":"2025-03-11T13:02:47","modified_gmt":"2025-03-11T12:02:47","slug":"haeufig-gestellte-fragen","status":"publish","type":"page","link":"https:\/\/nesa.world\/de\/haeufig-gestellte-fragen\/","title":{"rendered":"H\u00e4ufig gestellte Fragen"},"content":{"rendered":"\t\t<div data-elementor-type=\"wp-page\" data-elementor-id=\"54423\" class=\"elementor elementor-54423 elementor-7169\" data-elementor-post-type=\"page\">\n\t\t\t\t<div class=\"elementor-element elementor-element-40330af5 e-flex e-con-boxed e-con e-parent\" data-id=\"40330af5\" data-element_type=\"container\" data-settings=\"{&quot;background_background&quot;:&quot;classic&quot;}\">\n\t\t\t\t\t<div class=\"e-con-inner\">\n\t\t\t\t<div class=\"elementor-element elementor-element-5580022c elementor-widget elementor-widget-heading\" data-id=\"5580022c\" data-element_type=\"widget\" data-widget_type=\"heading.default\">\n\t\t\t\t<div class=\"elementor-widget-container\">\n\t\t\t\t\t<h1 class=\"elementor-heading-title elementor-size-default\">H\u00e4ufig gestellte Fragen<\/h1>\t\t\t\t<\/div>\n\t\t\t\t<\/div>\n\t\t\t\t<div class=\"elementor-element elementor-element-6d58e11 elementor-widget__width-initial nesaspan elementor-widget elementor-widget-text-editor\" data-id=\"6d58e11\" data-element_type=\"widget\" data-widget_type=\"text-editor.default\">\n\t\t\t\t<div class=\"elementor-widget-container\">\n\t\t\t\t\t\t\t\t\t<p><span class=\"NormalTextRun SCXW250484718 BCX8\">Wir kl\u00e4ren alle Ihre Zweifel \u00fcber die <\/span> <span class=\"NormalTextRun SpellingErrorV2Themed SCXW250484718 BCX8\"> NESA\u00ae Nicht-invasive <\/span> <span class=\"NormalTextRun SCXW250484718 BCX8\"> Neuromodulation Medizintechnik.<\/span><span class=\"NormalTextRun SCXW250484718 BCX8\">. Wenn Sie Ihre Antwort hier nicht finden, <a href=\"http:\/\/nesa.world\/contacto\/\">schreiben Sie uns \u00fcber unsere Kontaktseite <\/a> und wir werden Ihnen so schnell wie m\u00f6glich antworten.<\/span><\/p>\n\t\t\t\t\t\t\t\t<\/div>\n\t\t\t\t<\/div>\n\t\t\t\t\t<\/div>\n\t\t\t\t<\/div>\n\t\t<div class=\"elementor-element elementor-element-a9e34e1 e-flex e-con-boxed e-con e-parent\" data-id=\"a9e34e1\" data-element_type=\"container\">\n\t\t\t\t\t<div class=\"e-con-inner\">\n\t\t<div class=\"elementor-element elementor-element-fa7dff0 e-con-full e-flex e-con e-child\" data-id=\"fa7dff0\" data-element_type=\"container\">\n\t\t\t\t<div class=\"elementor-element elementor-element-e7427fb elementor-widget elementor-widget-heading\" data-id=\"e7427fb\" data-element_type=\"widget\" data-widget_type=\"heading.default\">\n\t\t\t\t<div class=\"elementor-widget-container\">\n\t\t\t\t\t<h2 class=\"elementor-heading-title elementor-size-default\">Technische Fragen<\/h2>\t\t\t\t<\/div>\n\t\t\t\t<\/div>\n\t\t\t\t<div class=\"elementor-element elementor-element-d7d7f20 elementor-widget__width-initial nesaspan elementor-widget elementor-widget-text-editor\" data-id=\"d7d7f20\" data-element_type=\"widget\" data-widget_type=\"text-editor.default\">\n\t\t\t\t<div class=\"elementor-widget-container\">\n\t\t\t\t\t\t\t\t\t<p>Was beinhaltet die NESA\u00ae-Medizintechnik beim Kauf durch eine Klinik oder ein Krankenhaus?<\/p>\n<p>Wie wird die NESA\u00ae-Medizintechnik installiert?<\/p>\n<p>Wie wird die passive Therapie mit NESA\u00ae-Medizintechnik empfohlen?<\/p>\n<p>Was sind die Richtlinien f\u00fcr die Verwendung der NESA XSIGNAL\u00ae-Medizintechnik?<\/p>\n<p>H\u00e4ufig gestellte Fragen (FAQs) zu NESA XSIGNAL\u00ae Handschuhen und Kn\u00f6chelschienen<\/p>\n\t\t\t\t\t\t\t\t<\/div>\n\t\t\t\t<\/div>\n\t\t\t\t<div class=\"elementor-element elementor-element-f2862cc elementor-align-left botonfaq elementor-widget elementor-widget-button\" data-id=\"f2862cc\" data-element_type=\"widget\" data-widget_type=\"button.default\">\n\t\t\t\t<div class=\"elementor-widget-container\">\n\t\t\t\t\t\t\t\t\t<div class=\"elementor-button-wrapper\">\n\t\t\t\t\t<a class=\"elementor-button elementor-button-link elementor-size-sm\" href=\"https:\/\/nesa.world\/de\/technische-fragen\/\">\n\t\t\t\t\t\t<span class=\"elementor-button-content-wrapper\">\n\t\t\t\t\t\t\t\t\t<span class=\"elementor-button-text\">mehr Informationen<\/span>\n\t\t\t\t\t<\/span>\n\t\t\t\t\t<\/a>\n\t\t\t\t<\/div>\n\t\t\t\t\t\t\t\t<\/div>\n\t\t\t\t<\/div>\n\t\t\t\t<\/div>\n\t\t<div class=\"elementor-element elementor-element-ebeb97c e-con-full e-flex e-con e-child\" data-id=\"ebeb97c\" data-element_type=\"container\">\n\t\t\t\t<div class=\"elementor-element elementor-element-33e33ac elementor-widget elementor-widget-heading\" data-id=\"33e33ac\" data-element_type=\"widget\" data-widget_type=\"heading.default\">\n\t\t\t\t<div class=\"elementor-widget-container\">\n\t\t\t\t\t<h2 class=\"elementor-heading-title elementor-size-default\">Physiologie<\/h2>\t\t\t\t<\/div>\n\t\t\t\t<\/div>\n\t\t\t\t<div class=\"elementor-element elementor-element-f8aa4a4 elementor-widget__width-initial nesaspan elementor-widget elementor-widget-text-editor\" data-id=\"f8aa4a4\" data-element_type=\"widget\" data-widget_type=\"text-editor.default\">\n\t\t\t\t<div class=\"elementor-widget-container\">\n\t\t\t\t\t\t\t\t\t<p>Was sind die physikalischen Eigenschaften der NESA\u00ae-Technologie?<\/p>\n<p>Was ist Bioelektrizit\u00e4t?<\/p>\n<p>Was sind NESA\u00ae-Mikrostr\u00f6me?<\/p>\n<p>Wie tief geht der elektrische Strom von NESA\u00ae?<\/p>\n<p>Was sind die wichtigsten klinischen Implikationen zwischen HRV und SNA?<\/p>\n<p>Wie tief geht der elektrische Strom von NESA\u00ae?<\/p>\n\t\t\t\t\t\t\t\t<\/div>\n\t\t\t\t<\/div>\n\t\t\t\t<div class=\"elementor-element elementor-element-530d733 elementor-align-left botonfaq elementor-widget elementor-widget-button\" data-id=\"530d733\" data-element_type=\"widget\" data-widget_type=\"button.default\">\n\t\t\t\t<div class=\"elementor-widget-container\">\n\t\t\t\t\t\t\t\t\t<div class=\"elementor-button-wrapper\">\n\t\t\t\t\t<a class=\"elementor-button elementor-button-link elementor-size-sm\" href=\"https:\/\/nesa.world\/de\/physiologie\/\">\n\t\t\t\t\t\t<span class=\"elementor-button-content-wrapper\">\n\t\t\t\t\t\t\t\t\t<span class=\"elementor-button-text\">mehr Informationen<\/span>\n\t\t\t\t\t<\/span>\n\t\t\t\t\t<\/a>\n\t\t\t\t<\/div>\n\t\t\t\t\t\t\t\t<\/div>\n\t\t\t\t<\/div>\n\t\t\t\t<\/div>\n\t\t<div class=\"elementor-element elementor-element-390fe99 e-con-full e-flex e-con e-child\" data-id=\"390fe99\" data-element_type=\"container\">\n\t\t\t\t<div class=\"elementor-element elementor-element-a0e0be5 elementor-widget elementor-widget-heading\" data-id=\"a0e0be5\" data-element_type=\"widget\" data-widget_type=\"heading.default\">\n\t\t\t\t<div class=\"elementor-widget-container\">\n\t\t\t\t\t<h2 class=\"elementor-heading-title elementor-size-default\">Wissenschaftlicher Nachweis<\/h2>\t\t\t\t<\/div>\n\t\t\t\t<\/div>\n\t\t\t\t<div class=\"elementor-element elementor-element-cb9bf25 elementor-widget__width-initial nesaspan elementor-widget elementor-widget-text-editor\" data-id=\"cb9bf25\" data-element_type=\"widget\" data-widget_type=\"text-editor.default\">\n\t\t\t\t<div class=\"elementor-widget-container\">\n\t\t\t\t\t\t\t\t\t<p>Welche wissenschaftlichen Belege gibt es f\u00fcr die nicht-invasive Neuromodulationstechnologie von NESA\u00ae?<\/p>\n<p>Welche wissenschaftlichen Nachweise sind f\u00fcr die nicht-invasive Neuromodulationstechnologie NESA\u00ae in Vorbereitung?<\/p>\n<p>Gibt es wissenschaftliche und akademische Partnerschaften mit Universit\u00e4ten und anderen Forschungseinrichtungen?<\/p>\n<p>Gibt es Studien zu endokrinen Erkrankungen oder hormonellen Ver\u00e4nderungen mit NESA?<\/p>\n\t\t\t\t\t\t\t\t<\/div>\n\t\t\t\t<\/div>\n\t\t\t\t<div class=\"elementor-element elementor-element-189c6e1 elementor-align-left botonfaq elementor-widget elementor-widget-button\" data-id=\"189c6e1\" data-element_type=\"widget\" data-widget_type=\"button.default\">\n\t\t\t\t<div class=\"elementor-widget-container\">\n\t\t\t\t\t\t\t\t\t<div class=\"elementor-button-wrapper\">\n\t\t\t\t\t<a class=\"elementor-button elementor-button-link elementor-size-sm\" href=\"http:\/\/nesa.world\/preguntas-frecuentes\/evidencia-cientifica\/\">\n\t\t\t\t\t\t<span class=\"elementor-button-content-wrapper\">\n\t\t\t\t\t\t\t\t\t<span class=\"elementor-button-text\">mehr Informationen<\/span>\n\t\t\t\t\t<\/span>\n\t\t\t\t\t<\/a>\n\t\t\t\t<\/div>\n\t\t\t\t\t\t\t\t<\/div>\n\t\t\t\t<\/div>\n\t\t\t\t<\/div>\n\t\t\t\t\t<\/div>\n\t\t\t\t<\/div>\n\t\t<div class=\"elementor-element elementor-element-95117c2 e-flex e-con-boxed e-con e-parent\" data-id=\"95117c2\" data-element_type=\"container\">\n\t\t\t\t\t<div class=\"e-con-inner\">\n\t\t<div class=\"elementor-element elementor-element-7c5a2d7 e-con-full e-flex e-con e-child\" data-id=\"7c5a2d7\" data-element_type=\"container\">\n\t\t\t\t<div class=\"elementor-element elementor-element-d8082c8 elementor-widget elementor-widget-heading\" data-id=\"d8082c8\" data-element_type=\"widget\" data-widget_type=\"heading.default\">\n\t\t\t\t<div class=\"elementor-widget-container\">\n\t\t\t\t\t<h2 class=\"elementor-heading-title elementor-size-default\">Kliniken<\/h2>\t\t\t\t<\/div>\n\t\t\t\t<\/div>\n\t\t\t\t<div class=\"elementor-element elementor-element-e30dfac elementor-widget__width-initial nesaspan elementor-widget elementor-widget-text-editor\" data-id=\"e30dfac\" data-element_type=\"widget\" data-widget_type=\"text-editor.default\">\n\t\t\t\t<div class=\"elementor-widget-container\">\n\t\t\t\t\t\t\t\t\t<p>Welche Patienten profitieren von NESA\u00ae-Mikrostr\u00f6men?<\/p>\n<p>Wie kl\u00e4re ich den Patienten \u00fcber das autonome Nervensystem auf?<\/p>\n<p>Was sind die medizintechnischen Programme von NESA XSIGNAL\u00ae?<\/p>\n<p>Was ist eine metamerische Behandlung?<\/p>\n<p>Was ist eine fokale Behandlung?<\/p>\n\t\t\t\t\t\t\t\t<\/div>\n\t\t\t\t<\/div>\n\t\t\t\t<div class=\"elementor-element elementor-element-d69e52d elementor-align-left botonfaq elementor-widget elementor-widget-button\" data-id=\"d69e52d\" data-element_type=\"widget\" data-widget_type=\"button.default\">\n\t\t\t\t<div class=\"elementor-widget-container\">\n\t\t\t\t\t\t\t\t\t<div class=\"elementor-button-wrapper\">\n\t\t\t\t\t<a class=\"elementor-button elementor-button-link elementor-size-sm\" href=\"http:\/\/nesa.world\/preguntas-frecuentes\/clinicas\/\">\n\t\t\t\t\t\t<span class=\"elementor-button-content-wrapper\">\n\t\t\t\t\t\t\t\t\t<span class=\"elementor-button-text\">mehr Informationen<\/span>\n\t\t\t\t\t<\/span>\n\t\t\t\t\t<\/a>\n\t\t\t\t<\/div>\n\t\t\t\t\t\t\t\t<\/div>\n\t\t\t\t<\/div>\n\t\t\t\t<\/div>\n\t\t<div class=\"elementor-element elementor-element-df8e50f e-con-full e-flex e-con e-child\" data-id=\"df8e50f\" data-element_type=\"container\">\n\t\t\t\t<div class=\"elementor-element elementor-element-05fc85d elementor-widget elementor-widget-heading\" data-id=\"05fc85d\" data-element_type=\"widget\" data-widget_type=\"heading.default\">\n\t\t\t\t<div class=\"elementor-widget-container\">\n\t\t\t\t\t<h2 class=\"elementor-heading-title elementor-size-default\">Ausbildung und Veranstaltungen<\/h2>\t\t\t\t<\/div>\n\t\t\t\t<\/div>\n\t\t\t\t<div class=\"elementor-element elementor-element-2909ff4 elementor-widget__width-initial nesaspan elementor-widget elementor-widget-text-editor\" data-id=\"2909ff4\" data-element_type=\"widget\" data-widget_type=\"text-editor.default\">\n\t\t\t\t<div class=\"elementor-widget-container\">\n\t\t\t\t\t\t\t\t\t<p>Welche Art von Grundschulung ist beim Kauf von NESA\u00ae-Medizintechnik enthalten?<\/p>\n<p>Welche Themen sind in der 4-6 st\u00fcndigen Einf\u00fchrungsgrundausbildung enthalten und was lerne ich dabei?<\/p>\n<p>Wird gedrucktes Material in der Grundausbildung zur Verf\u00fcgung gestellt?<\/p>\n<p>Kann ich mich f\u00fcr die Einf\u00fchrungsschulung anmelden und sie absolvieren, bevor ich die Technologie kaufe?<\/p>\n\t\t\t\t\t\t\t\t<\/div>\n\t\t\t\t<\/div>\n\t\t\t\t<div class=\"elementor-element elementor-element-63a7c83 elementor-align-left botonfaq elementor-widget elementor-widget-button\" data-id=\"63a7c83\" data-element_type=\"widget\" data-widget_type=\"button.default\">\n\t\t\t\t<div class=\"elementor-widget-container\">\n\t\t\t\t\t\t\t\t\t<div class=\"elementor-button-wrapper\">\n\t\t\t\t\t<a class=\"elementor-button elementor-button-link elementor-size-sm\" href=\"http:\/\/nesa.world\/preguntas-frecuentes\/formacion-y-eventos\/\">\n\t\t\t\t\t\t<span class=\"elementor-button-content-wrapper\">\n\t\t\t\t\t\t\t\t\t<span class=\"elementor-button-text\">mehr Informationen<\/span>\n\t\t\t\t\t<\/span>\n\t\t\t\t\t<\/a>\n\t\t\t\t<\/div>\n\t\t\t\t\t\t\t\t<\/div>\n\t\t\t\t<\/div>\n\t\t\t\t<\/div>\n\t\t<div class=\"elementor-element elementor-element-e95c854 e-con-full e-flex e-con e-child\" data-id=\"e95c854\" data-element_type=\"container\">\n\t\t\t\t<div class=\"elementor-element elementor-element-5070771 elementor-widget elementor-widget-heading\" data-id=\"5070771\" data-element_type=\"widget\" data-widget_type=\"heading.default\">\n\t\t\t\t<div class=\"elementor-widget-container\">\n\t\t\t\t\t<h2 class=\"elementor-heading-title elementor-size-default\">Kommerziell und Expansion<\/h2>\t\t\t\t<\/div>\n\t\t\t\t<\/div>\n\t\t\t\t<div class=\"elementor-element elementor-element-6a4b904 elementor-widget__width-initial nesaspan elementor-widget elementor-widget-text-editor\" data-id=\"6a4b904\" data-element_type=\"widget\" data-widget_type=\"text-editor.default\">\n\t\t\t\t<div class=\"elementor-widget-container\">\n\t\t\t\t\t\t\t\t\t<p>Was beinhaltet eine pers\u00f6nliche Demonstration der NESA Neuromodulationstechnologie?<\/p>\n<p>Was beinhaltet eine ONLINE-Demonstration der NESA-Neuromodulationstechnologie?<\/p>\n<p>Wo gibt es im Jahr 2024 offizielle Vertriebspartner f\u00fcr die nicht-invasive Neuromodulation von NESA?<\/p>\n<p>Wie sieht der Kundendienst aus? Wie arbeiten Sie nach Kontinenten?<\/p>\n<p>Wie sehen die internationalen Schulungen aus und k\u00f6nnen wir audiovisuelle Beispiele sehen?<\/p>\n\t\t\t\t\t\t\t\t<\/div>\n\t\t\t\t<\/div>\n\t\t\t\t<div class=\"elementor-element elementor-element-1c9e97a elementor-align-left botonfaq elementor-widget elementor-widget-button\" data-id=\"1c9e97a\" data-element_type=\"widget\" data-widget_type=\"button.default\">\n\t\t\t\t<div class=\"elementor-widget-container\">\n\t\t\t\t\t\t\t\t\t<div class=\"elementor-button-wrapper\">\n\t\t\t\t\t<a class=\"elementor-button elementor-button-link elementor-size-sm\" href=\"http:\/\/nesa.world\/preguntas-frecuentes\/vision-comercial-y-expansion\/\">\n\t\t\t\t\t\t<span class=\"elementor-button-content-wrapper\">\n\t\t\t\t\t\t\t\t\t<span class=\"elementor-button-text\">mehr Informationen<\/span>\n\t\t\t\t\t<\/span>\n\t\t\t\t\t<\/a>\n\t\t\t\t<\/div>\n\t\t\t\t\t\t\t\t<\/div>\n\t\t\t\t<\/div>\n\t\t\t\t<\/div>\n\t\t\t\t\t<\/div>\n\t\t\t\t<\/div>\n\t\t\t\t<\/div>\n\t\t","protected":false},"excerpt":{"rendered":"<p>H\u00e4ufig gestellte Fragen Wir kl\u00e4ren alle Ihre Zweifel \u00fcber die NESA\u00ae Nicht-invasive Neuromodulation Medizintechnik.. Wenn Sie Ihre Antwort hier nicht finden, schreiben Sie uns \u00fcber unsere Kontaktseite und wir werden [&hellip;]<\/p>\n","protected":false},"author":2,"featured_media":54711,"parent":0,"menu_order":0,"comment_status":"closed","ping_status":"closed","template":"","meta":{"_acf_changed":false,"footnotes":""},"class_list":["post-54423","page","type-page","status-publish","has-post-thumbnail","hentry"],"acf":[],"_links":{"self":[{"href":"https:\/\/nesa.world\/de\/wp-json\/wp\/v2\/pages\/54423","targetHints":{"allow":["GET"]}}],"collection":[{"href":"https:\/\/nesa.world\/de\/wp-json\/wp\/v2\/pages"}],"about":[{"href":"https:\/\/nesa.world\/de\/wp-json\/wp\/v2\/types\/page"}],"author":[{"embeddable":true,"href":"https:\/\/nesa.world\/de\/wp-json\/wp\/v2\/users\/2"}],"replies":[{"embeddable":true,"href":"https:\/\/nesa.world\/de\/wp-json\/wp\/v2\/comments?post=54423"}],"version-history":[{"count":0,"href":"https:\/\/nesa.world\/de\/wp-json\/wp\/v2\/pages\/54423\/revisions"}],"wp:featuredmedia":[{"embeddable":true,"href":"https:\/\/nesa.world\/de\/wp-json\/wp\/v2\/media\/54711"}],"wp:attachment":[{"href":"https:\/\/nesa.world\/de\/wp-json\/wp\/v2\/media?parent=54423"}],"curies":[{"name":"wp","href":"https:\/\/api.w.org\/{rel}","templated":true}]}}