{"id":3148,"date":"2026-03-23T13:43:00","date_gmt":"2026-03-23T12:43:00","guid":{"rendered":"https:\/\/nesa.world\/academic\/?post_type=product&#038;p=3148"},"modified":"2026-04-17T08:20:38","modified_gmt":"2026-04-17T06:20:38","slug":"formacao-introdutoria-para-profissionais-de-saude-em-neuromodulacao-nao-invasiva-nesa-lisboa","status":"publish","type":"product","link":"https:\/\/nesa.world\/academic\/formaciones\/formacao-introdutoria-para-profissionais-de-saude-em-neuromodulacao-nao-invasiva-nesa-lisboa\/","title":{"rendered":"Forma\u00e7\u00e3o Introdut\u00f3ria para Profissionais de Sa\u00fade em Neuromodula\u00e7\u00e3o n\u00e3o Invasiva NESA &#8211; Lisboa"},"content":{"rendered":"","protected":false},"excerpt":{"rendered":"","protected":false},"featured_media":3150,"comment_status":"open","ping_status":"closed","template":"","meta":{"formato":"Formaciones","estado":"Completo","ponentes":{"item-0":{"nombre_del_ponente":"Joana Saygi","imagen_del_ponente":"https:\/\/nesa.world\/academic\/wp-content\/uploads\/JOANA-REDONDO.png","cargo_del_ponente":"Fisioterapeuta y Experta en Neuromodulaci\u00f3n No Invasiva NESA."}},"miniatura_para_calendario":"https:\/\/nesa.world\/academic\/wp-content\/uploads\/cuadrado_academic_Joana.jpg","link_a_la_inscripcion":"https:\/\/forms.office.com\/pages\/responsepage.aspx?id=ZmRuhjGY4kuzaLFuhFJvtWWYkAp7CWFMjceEVMg_TA9UMFI4RDNIOUZQVFpNS1ExRVVIU08xMFYwSy4u&amp;route=shorturl","objetivos":"<p>[elementor-template id=\"2568\"]<\/p>\n","descripcion":"<p>[elementor-template id=\"2570\"]<\/p>\n","fecha_fin":1776470400,"hora_inicio":"09:00","hora_fin":"13:00","pais":"Portugal","ciudad":"Lisboa","recinto":"Sociedade Portuguesa de Naturalogia","direccion":"R. Jo\u00e3o de Menezes, 1 | 1900-266 Lisboa ","mes_del_evento":"Abril","svg_idioma":"https:\/\/nesa.world\/academic\/wp-content\/uploads\/Portugal.svg","persona_de_contacto":{"item-0":{"nombre":"Silvia Sousa","direccion_de_correo":"<a class=\"mailponencia\" href=\"mailto:ssousa@nesaworld.es\">   ssousa@nesaworld.es <\/a>","telefono":"+351 932 768 223"}}},"product_brand":[],"product_cat":[60],"product_tag":[],"etiquetas-de-eventos":[44,61,25],"categorias-de-eventos":[22],"class_list":{"0":"post-3148","1":"product","2":"type-product","3":"status-publish","4":"has-post-thumbnail","6":"product_cat-sin-categorizar","7":"etiquetas-de-eventos-4-horas","8":"etiquetas-de-eventos-gratuito","9":"etiquetas-de-eventos-para-profesionales-sanitarios","10":"categorias-de-eventos-formacion-presencial","12":"first","13":"instock","14":"downloadable","15":"virtual","16":"product-type-simple"},"_links":{"self":[{"href":"https:\/\/nesa.world\/academic\/wp-json\/wp\/v2\/product\/3148","targetHints":{"allow":["GET"]}}],"collection":[{"href":"https:\/\/nesa.world\/academic\/wp-json\/wp\/v2\/product"}],"about":[{"href":"https:\/\/nesa.world\/academic\/wp-json\/wp\/v2\/types\/product"}],"replies":[{"embeddable":true,"href":"https:\/\/nesa.world\/academic\/wp-json\/wp\/v2\/comments?post=3148"}],"wp:featuredmedia":[{"embeddable":true,"href":"https:\/\/nesa.world\/academic\/wp-json\/wp\/v2\/media\/3150"}],"wp:attachment":[{"href":"https:\/\/nesa.world\/academic\/wp-json\/wp\/v2\/media?parent=3148"}],"wp:term":[{"taxonomy":"product_brand","embeddable":true,"href":"https:\/\/nesa.world\/academic\/wp-json\/wp\/v2\/product_brand?post=3148"},{"taxonomy":"product_cat","embeddable":true,"href":"https:\/\/nesa.world\/academic\/wp-json\/wp\/v2\/product_cat?post=3148"},{"taxonomy":"product_tag","embeddable":true,"href":"https:\/\/nesa.world\/academic\/wp-json\/wp\/v2\/product_tag?post=3148"},{"taxonomy":"etiquetas-de-eventos","embeddable":true,"href":"https:\/\/nesa.world\/academic\/wp-json\/wp\/v2\/etiquetas-de-eventos?post=3148"},{"taxonomy":"categorias-de-eventos","embeddable":true,"href":"https:\/\/nesa.world\/academic\/wp-json\/wp\/v2\/categorias-de-eventos?post=3148"}],"curies":[{"name":"wp","href":"https:\/\/api.w.org\/{rel}","templated":true}]}}