{"id":3113,"date":"2026-03-05T12:37:25","date_gmt":"2026-03-05T11:37:25","guid":{"rendered":"https:\/\/nesa.world\/academic\/?post_type=product&#038;p=3113"},"modified":"2026-03-09T11:41:00","modified_gmt":"2026-03-09T10:41:00","slug":"formacion-introductoria-para-profesionales-sanitarios-en-neuromodulacion-no-invasiva-nesa-aranda","status":"publish","type":"product","link":"https:\/\/nesa.world\/academic\/formaciones\/formacion-introductoria-para-profesionales-sanitarios-en-neuromodulacion-no-invasiva-nesa-aranda\/","title":{"rendered":"Formaci\u00f3n introductoria para profesionales sanitarios en Neuromodulaci\u00f3n No Invasiva NESA &#8211; Aranda de Duero"},"content":{"rendered":"","protected":false},"excerpt":{"rendered":"","protected":false},"featured_media":3114,"comment_status":"open","ping_status":"closed","template":"","meta":{"formato":"Formaciones","estado":"Plazas Disponibles","ponentes":{"item-0":{"nombre_del_ponente":"Jos\u00e9 Maria Bell\u00f3","imagen_del_ponente":"https:\/\/nesa.world\/academic\/wp-content\/uploads\/JOSEMAIA-BELLO.jpg","cargo_del_ponente":"Fisioterapeuta y Experto en Neuromodulaci\u00f3n No Invasiva NESA."}},"miniatura_para_calendario":"https:\/\/nesa.world\/academic\/wp-content\/uploads\/cuadrada_academic_josemaria-bello.jpg","link_a_la_inscripcion":"https:\/\/forms.office.com\/pages\/responsepage.aspx?id=ZmRuhjGY4kuzaLFuhFJvtWWYkAp7CWFMjceEVMg_TA9UMFI4RDNIOUZQVFpNS1ExRVVIU08xMFYwSy4u&amp;route=shorturl","objetivos":"<p>[elementor-template id=\"2568\"]<\/p>\n","descripcion":"<p>[elementor-template id=\"2570\"]<\/p>\n","fecha_fin":1776470400,"hora_inicio":"10:00","hora_fin":"14:00","pais":"Espa\u00f1a","ciudad":"Aranda de Duero","recinto":"Centro INACUA ","direccion":"Sal\u00f3n Social Cafeter\u00eda Terraza Tudanca | Carr. Soria, s\/n, 09400 Aranda de Duero, Burgos ","mes_del_evento":"Abril","svg_idioma":"https:\/\/nesa.world\/academic\/wp-content\/uploads\/Espana-1.svg","persona_de_contacto":{"item-0":{"nombre":"Marta Hernanz","direccion_de_correo":"<a class=\"mailponencia\" href=\"mailto:marta.hernanz@nesaworld.es\">   marta.hernanz@nesaworld.es <\/a>","telefono":"+34 621 152 233"}}},"product_brand":[],"product_cat":[60],"product_tag":[],"etiquetas-de-eventos":[44,61,25],"categorias-de-eventos":[22],"class_list":{"0":"post-3113","1":"product","2":"type-product","3":"status-publish","4":"has-post-thumbnail","6":"product_cat-sin-categorizar","7":"etiquetas-de-eventos-4-horas","8":"etiquetas-de-eventos-gratuito","9":"etiquetas-de-eventos-para-profesionales-sanitarios","10":"categorias-de-eventos-formacion-presencial","12":"first","13":"instock","14":"downloadable","15":"virtual","16":"product-type-simple"},"_links":{"self":[{"href":"https:\/\/nesa.world\/academic\/wp-json\/wp\/v2\/product\/3113","targetHints":{"allow":["GET"]}}],"collection":[{"href":"https:\/\/nesa.world\/academic\/wp-json\/wp\/v2\/product"}],"about":[{"href":"https:\/\/nesa.world\/academic\/wp-json\/wp\/v2\/types\/product"}],"replies":[{"embeddable":true,"href":"https:\/\/nesa.world\/academic\/wp-json\/wp\/v2\/comments?post=3113"}],"wp:featuredmedia":[{"embeddable":true,"href":"https:\/\/nesa.world\/academic\/wp-json\/wp\/v2\/media\/3114"}],"wp:attachment":[{"href":"https:\/\/nesa.world\/academic\/wp-json\/wp\/v2\/media?parent=3113"}],"wp:term":[{"taxonomy":"product_brand","embeddable":true,"href":"https:\/\/nesa.world\/academic\/wp-json\/wp\/v2\/product_brand?post=3113"},{"taxonomy":"product_cat","embeddable":true,"href":"https:\/\/nesa.world\/academic\/wp-json\/wp\/v2\/product_cat?post=3113"},{"taxonomy":"product_tag","embeddable":true,"href":"https:\/\/nesa.world\/academic\/wp-json\/wp\/v2\/product_tag?post=3113"},{"taxonomy":"etiquetas-de-eventos","embeddable":true,"href":"https:\/\/nesa.world\/academic\/wp-json\/wp\/v2\/etiquetas-de-eventos?post=3113"},{"taxonomy":"categorias-de-eventos","embeddable":true,"href":"https:\/\/nesa.world\/academic\/wp-json\/wp\/v2\/categorias-de-eventos?post=3113"}],"curies":[{"name":"wp","href":"https:\/\/api.w.org\/{rel}","templated":true}]}}